{"id":2,"date":"2023-04-16T21:10:14","date_gmt":"2023-04-16T21:10:14","guid":{"rendered":"https:\/\/triumphebrindes.com.br\/?page_id=2"},"modified":"2023-04-16T23:55:29","modified_gmt":"2023-04-16T23:55:29","slug":"quemsomos","status":"publish","type":"page","link":"https:\/\/triumphebrindes.com.br\/index.php\/quemsomos\/","title":{"rendered":"Triumphe"},"content":{"rendered":"\n<p>H\u00e1 mais de 20 anos de atua\u00e7\u00e3o no mercado de brindes promocionais, a TRIUMPHE v\u00eam continuamente ampliando os servi\u00e7os e projetos juntos aos seus clientes, parceiros e fornecedores para melhor atend\u00ea-los.<\/p>\n\n\n\n<p>Desde camisetas (polo, dry-fit, baby look, careca), bon\u00e9s, crach\u00e1s, sacolas, carregadores, fones de ouvido, m\u00e1scara, alcool em gel, chaveiros, necessaire, entre outros produtos, seja para presentear pessoas pr\u00f3ximas, seja na personaliza\u00e7\u00e3o para empresas de pequeno e m\u00e9dio porte ou grandes corpora\u00e7\u00f5es.<\/p>\n\n\n\n<p>Trabalhamos na comercializa\u00e7\u00e3o de v\u00e1rios tipos de materiais como PVC, tags, bobinas,  capas, pap\u00e9is, pl\u00e1sticos, TNT com tecnologia atual, com pre\u00e7os mais competitivos daqueles praticados no mercado e zelo no detalhamento de sua personifica\u00e7\u00e3o.<\/p>\n\n\n\n<p>Contamos com uma equipe de profissionais altamente qualificada, fornecendo compromisso e agilidade no cumprimento dos prazos, assegurando assim a fidelidade e satisfa\u00e7\u00e3o de nossos clientes.<\/p>\n\n\n\n<p><\/p>\n\n\n\n<p>Rua Teodoro Sampaio, 1441 cj. 21<br>Pinheiros &#8211; S\u00e3o Paulo &#8211; SP CEP 05406-000<\/p>\n\n\n\n<p>Ligue: (11) 2368-9110, whatsapp (11) 97124-7560 ou por e-mail para simone@triumphe.com.br<\/p>\n\n\n\n<p>Hor\u00e1rio de Atendimento:<br>de segunda a sexta-feira das 08h \u00e0s 17h<\/p>\n","protected":false},"excerpt":{"rendered":"<p>H\u00e1 mais de 20 anos de atua\u00e7\u00e3o no mercado de brindes promocionais, a TRIUMPHE v\u00eam continuamente ampliando os servi\u00e7os e projetos juntos aos seus clientes, parceiros e fornecedores para melhor atend\u00ea-los. Desde camisetas (polo, dry-fit, baby look, careca), bon\u00e9s, crach\u00e1s, sacolas, carregadores, fones de ouvido, m\u00e1scara, alcool em gel, chaveiros, necessaire, entre outros produtos, seja [&hellip;]<\/p>\n","protected":false},"author":1,"featured_media":0,"parent":0,"menu_order":0,"comment_status":"closed","ping_status":"closed","template":"","meta":{"footnotes":""},"class_list":["post-2","page","type-page","status-publish","hentry"],"_links":{"self":[{"href":"https:\/\/triumphebrindes.com.br\/index.php\/wp-json\/wp\/v2\/pages\/2","targetHints":{"allow":["GET"]}}],"collection":[{"href":"https:\/\/triumphebrindes.com.br\/index.php\/wp-json\/wp\/v2\/pages"}],"about":[{"href":"https:\/\/triumphebrindes.com.br\/index.php\/wp-json\/wp\/v2\/types\/page"}],"author":[{"embeddable":true,"href":"https:\/\/triumphebrindes.com.br\/index.php\/wp-json\/wp\/v2\/users\/1"}],"replies":[{"embeddable":true,"href":"https:\/\/triumphebrindes.com.br\/index.php\/wp-json\/wp\/v2\/comments?post=2"}],"version-history":[{"count":4,"href":"https:\/\/triumphebrindes.com.br\/index.php\/wp-json\/wp\/v2\/pages\/2\/revisions"}],"predecessor-version":[{"id":28,"href":"https:\/\/triumphebrindes.com.br\/index.php\/wp-json\/wp\/v2\/pages\/2\/revisions\/28"}],"wp:attachment":[{"href":"https:\/\/triumphebrindes.com.br\/index.php\/wp-json\/wp\/v2\/media?parent=2"}],"curies":[{"name":"wp","href":"https:\/\/api.w.org\/{rel}","templated":true}]}}